{"id":41,"date":"2022-08-03T14:27:38","date_gmt":"2022-08-03T14:27:38","guid":{"rendered":"https:\/\/minfoss-lev.de\/?page_id=41"},"modified":"2022-08-03T14:27:53","modified_gmt":"2022-08-03T14:27:53","slug":"datenschutz","status":"publish","type":"page","link":"https:\/\/minfoss-lev.de\/?page_id=41","title":{"rendered":"Datenschutz"},"content":{"rendered":"\n  \n    <section class=\"u-clearfix u-grey-10 u-section-1\" id=\"sec-b9a0\">\n      <div class=\"u-align-left u-clearfix u-sheet u-sheet-1\">\n        <div class=\"u-container-style u-group u-white u-group-1\">\n          <div class=\"u-container-layout u-container-layout-1\">\n            <h3 class=\"u-custom-font u-font-arial u-text u-text-default u-text-1\">Datenschutz<\/h3>\n            <h5 class=\"u-text u-text-default u-text-2\">\n              <span style=\"font-weight: 700;\">Urheberrecht&nbsp;<\/span>\n              <br>Die Ver\u00f6ffentlichungen auf diesen Seiten unterliegen dem deutschen Urheberrecht. Dies bezieht sich auf alle verwendeten Graphiken, Photos und Texte. Vervielf\u00e4ltigung, Bearbeitung sowie jede Art der Verwendung&nbsp; ausserhalb der Grenzen des Urheberrechtes bed\u00fcrfen der schriftlichen Zustimmung des Betreibers dieses Onlineangebotes.&nbsp;Downloads und Kopien dieser Seiten sind f\u00fcr den privaten, nichtkommerziellen Gebrauch gestattet.<br>\n              <br>\n              <span style=\"font-weight: 700;\">Haftung f\u00fcr Inhalte<\/span>&nbsp;<br>Die Informationen dieses Angebotes sind allgemeiner und informativer Art. Trotz gr\u00f6\u00dfter, praktizierter Sorgfalt kann f\u00fcr die Richtigkeit, Vollst\u00e4ndigkeit und Aktualit\u00e4t keine Haftung \u00fcbernommen werden.&nbsp;<br>\n              <br>\n              <span style=\"font-weight: 700;\">Haftung f\u00fcr Links<\/span>&nbsp;<br>Externe Verweisziele (\"Links\") f\u00fchren zu Inhalten fremder Anbieter ausserhalb des Verantwortungsbereiches des Betreibers. F\u00fcr m\u00f6gliche Sch\u00e4den haftet grunds\u00e4tzlich der Anbieter dieser Seiten, es sei denn, derjenige, der auf die entsprechende Ver\u00f6ffentlichung verweist, hat Kenntnis von den Inhalten und es w\u00e4re ihm technisch m\u00f6glich und zumutbar, die Nutzung im Falle rechtswidriger Inhalte zu unterbinden.&nbsp;<br>\n              <br>\n              <span style=\"font-weight: 700;\">Datenschutzerkl\u00e4rung<\/span>\n              <br>Mit unserer Datenschutzerkl\u00e4rung kl\u00e4ren wir Sie dar\u00fcber auf, auf welche Art, in welchem Umfang und zu welchem Zweck wir personenbezogene Daten (nachfolgend kurz \"Daten\") innerhalb unseres Online-Angebotes und der mit ihm verbundenen Webseiten, deren Funktionen und Inhalte sowie externen Online-Pr\u00e4senzen, wie zum Beispiel unsere Social Media-Angebote (gemeinsam im Nachfolgenden als Online-Angebot bezeichnet), verarbeiten.Wir verweisen zu den verwendeten Begrifflichkeiten wie z. B. \"Verarbeitung\" oder \"personenbezogene Daten\" auf die Definitionen im Art. 4 der Datenschutzgrundverordnung (DSGVO). Verantwortlich f\u00fcr die Datenverarbeitung im Sinne der DSGVO ist der Betreiber dieses Online-Angebotes.&nbsp;<br>\n              <br>\n              <span style=\"font-weight: 700;\">Welche Arten der Daten werden verarbeitet?<\/span>\n              <br>Kontaktdaten: Vorname und Nachname, Anschrift, Telefonnummer, E-Mail-Adresse<br>\n              <br>\n              <span style=\"font-weight: 700;\">Welche Rechtsgrundlagen sind ma\u00dfgeblich?<\/span>\n              <br>Wir teilen Ihnen gem\u00e4\u00df Art. 13 DSGVO mit, auf welchen Rechtsgrundlagen unsere Datenverarbeitung erfolgt. Falls die Rechtsgrundlage in dieser Datenschutzerkl\u00e4rung nicht jeweils aufgef\u00fchrt wird, gilt:<br>F\u00fcr die Einholung von Einwilligungen gilt Art. 6 Abs. 1 lit. a und Art. 7 DSGVO als Rechtsgrundlage. F\u00fcr die Verarbeitung der Daten zur Erf\u00fcllung unserer Leistungen und Durchf\u00fchrung vertraglicher Ma\u00dfnahmen \u2013 zum Beispiel im Rahmen der Parteimitgliedschaft \u2013 sowie der Beantwortung von Anfragen gilt Art. 6 Abs. 1 lit. b DSGVO als Rechtsgrundlage. F\u00fcr die Verarbeitung von Daten zur Erf\u00fcllung rechtlichen Verpflichtungen gilt Art. 6 Abs. 1 lit. c DSGVO die Rechtsgrundlage. F\u00fcr die Verarbeitung von Daten zur Wahrung unserer berechtigten Interessen gilt Art. 6 Abs. 1 lit. f DSGVO als Rechtsgrundlage.<br>\n              <br>\n              <span style=\"font-weight: 700;\">I<\/span>\n              <span style=\"font-weight: 700;\">hre Rechte<\/span>\n              <br>\u2022 Nach Art. 15 DSGVO k\u00f6nnen Sie eine Best\u00e4tigung dar\u00fcber verlangen, ob wir betreffende personenbezogene Daten von Ihnen verarbeiten. Sie k\u00f6nnen Auskunft \u00fcber diese Daten, auf weitere Informationen und eine Kopie der Daten verlangen.<br>\u2022 Nach Art. 16 DSGVO k\u00f6nnen Sie die Vervollst\u00e4ndigung Sie betreffender personenbezogener Daten oder auch deren Berichtigung verlangen.<br>\u2022 Nach Art. 17 DSGVO k\u00f6nnen Sie die unverz\u00fcgliche L\u00f6schung Ihrer personenbezogenen Daten verlangen. Nach Art. 18 DSGVO k\u00f6nnen sie stattdessen verlangen, dass die Verarbeitung Ihrer personenbezogenen Daten einschr\u00e4nkt wird.<br>\u2022 Nach Art. 20 DSGVO k\u00f6nnen Sie verlangen, dass Sie Ihre personenbezogenen Daten, die Sie uns zur Verf\u00fcgung gestellt haben, erhalten oder wir diese an andere Datenverantwortliche \u00fcbermitteln.<br>\u2022 Nach Art. 77 DSGVO k\u00f6nnen Sie dar\u00fcber hinaus bei der zust\u00e4ndigen Aufsichtsbeh\u00f6rde eine Beschwerde einreichen.Widerrufsrecht<br>Wenn Sie uns eine Einwilligung erteilt haben, k\u00f6nnen Sie diese nach Art. 7 Abs. 3 DSGVO f\u00fcr die Zukunft widerrufen.Widerspruchsrecht<br>Nach Art. 21 DSGVO k\u00f6nnen Sie der zuk\u00fcnftigen Verarbeitung Ihrer personenbezogenen Daten widersprechen.<br>\n              <br>\n              <span style=\"font-weight: 700;\">Datenl\u00f6schung<\/span>\n              <br>Wir l\u00f6schen nach den Ma\u00dfgaben der Art. 17 und 18 DSGVO die von uns verarbeiteten Daten oder schr\u00e4nken diese ein. Die von uns gespeicherten Daten werden gel\u00f6scht, wenn sie f\u00fcr den jeweiligen Zweck nicht mehr erforderlich sind und wir nicht gesetzlich zur Aufbewahrung verpflichtet sind. Falls die L\u00f6schung der Daten nicht erfolgt, weil sie f\u00fcr andere oder gesetzlich vorgeschriebene Zwecke erforderlich sind, wird Ihre Verarbeitung von uns eingeschr\u00e4nkt. Es erfolgt also eine Sperrung der Daten. Sie werden dann nicht mehr f\u00fcr andere Zwecke verarbeitet.<br>\n              <br>\n              <span style=\"font-weight: 700;\">Kontaktformulare und andere Formulare<\/span>\n              <br>Wenn Sie mit uns \u00fcber ein Kontaktformular Kontakt aufnehmen, ein anderes Formular unseres Online-Angebotes nutzen oder eine E-Mail senden, werden Ihre Daten zur Bearbeitung oder Abwicklung lt. Art. 6. Abs. 1 lit. b) DSGVO verarbeitet. Die Angaben, die Sie in einem Kontaktformular oder in einem anderen Formular machen, werden auf unserem Server gespeichert und gegebenenfalls per unverschl\u00fcsselter E-Mail an einen vom Nutzer oder von uns ausgew\u00e4hlten Ansprechpartner zur Bearbeitung der Kontaktaufnahme oder Formulardaten weiterversendet. Bei der Nutzung jeglicher Formulare auf unserem Online-Angebot erteilen Sie eine Einwilligung. Gespeicherte Anfragen auf unserem Server werden gel\u00f6scht, sofern diese nicht mehr erforderlich sind.<br>\n              <br>\n              <span style=\"font-weight: 700;\">Technische Zugriffsdaten und Logfiles<\/span>\n              <br>\u00dcber jeden Zugriff auf unser Netzwerk, in dem dieses Online-Angebot betrieben wird, erheben wir auf der Basis unseres berechtigten Interesses lt. Art. 6. Abs. 1 lit. f) DSGVO, Daten. Folgende Daten erheben wir in Logfiles: Abgerufene Webseite, abgerufene Datei, das Datum und die Uhrzeit des Aufrufs, die \u00fcbertragene Datenmenge, den Status des Aufrufs, den von Ihnen verwendeten Browsertypen inklusive Versionsnummer, das von Ihnen verwendete Betriebssystem, die sogenannte Referrer-URL der zuvor besuchten Seite und Ihre IP-Adresse. Diese Logfile-Informationen speichern wir aus Sicherheitsgr\u00fcnden und f\u00fcr eine Dauer von maximal vierzehn Tagen. Sie sind zum Beispiel erforderlich um Missbrauchs- oder Betrugshandlungen aufzukl\u00e4ren. Sie werden danach gel\u00f6scht. Daten, deren weitere Aufbewahrung zu Beweiszwecken erforderlich ist, sind bis zur endg\u00fcltigen Kl\u00e4rung des jeweiligen Vorfalls von der L\u00f6schung ausgenommen.\n            <\/h5>\n          <\/div>\n        <\/div>\n      <\/div>\n    <\/section>\n    \n    \n    \n    \n  \n","protected":false},"excerpt":{"rendered":"<p>Datenschutz Urheberrecht&nbsp; Die Ver\u00f6ffentlichungen auf diesen Seiten unterliegen dem deutschen Urheberrecht. Dies bezieht sich auf alle verwendeten Graphiken, Photos und Texte. Vervielf\u00e4ltigung, Bearbeitung sowie jede Art der Verwendung&nbsp; ausserhalb der Grenzen des Urheberrechtes bed\u00fcrfen der schriftlichen Zustimmung des Betreibers dieses Onlineangebotes.&nbsp;Downloads und Kopien dieser Seiten sind f\u00fcr den privaten, nichtkommerziellen Gebrauch gestattet. Haftung f\u00fcr Inhalte&nbsp;Die &hellip; <a href=\"https:\/\/minfoss-lev.de\/?page_id=41\" class=\"more-link\">Continue reading<span class=\"screen-reader-text\"> &#8222;Datenschutz&#8220;<\/span><\/a><\/p>\n","protected":false},"author":1,"featured_media":0,"parent":0,"menu_order":12,"comment_status":"closed","ping_status":"closed","template":"","meta":{"footnotes":""},"class_list":["post-41","page","type-page","status-publish","hentry"],"_links":{"self":[{"href":"https:\/\/minfoss-lev.de\/index.php?rest_route=\/wp\/v2\/pages\/41","targetHints":{"allow":["GET"]}}],"collection":[{"href":"https:\/\/minfoss-lev.de\/index.php?rest_route=\/wp\/v2\/pages"}],"about":[{"href":"https:\/\/minfoss-lev.de\/index.php?rest_route=\/wp\/v2\/types\/page"}],"author":[{"embeddable":true,"href":"https:\/\/minfoss-lev.de\/index.php?rest_route=\/wp\/v2\/users\/1"}],"replies":[{"embeddable":true,"href":"https:\/\/minfoss-lev.de\/index.php?rest_route=%2Fwp%2Fv2%2Fcomments&post=41"}],"version-history":[{"count":1,"href":"https:\/\/minfoss-lev.de\/index.php?rest_route=\/wp\/v2\/pages\/41\/revisions"}],"predecessor-version":[{"id":66,"href":"https:\/\/minfoss-lev.de\/index.php?rest_route=\/wp\/v2\/pages\/41\/revisions\/66"}],"wp:attachment":[{"href":"https:\/\/minfoss-lev.de\/index.php?rest_route=%2Fwp%2Fv2%2Fmedia&parent=41"}],"curies":[{"name":"wp","href":"https:\/\/api.w.org\/{rel}","templated":true}]}}