{"id":39,"date":"2022-08-03T14:27:36","date_gmt":"2022-08-03T14:27:36","guid":{"rendered":"https:\/\/minfoss-lev.de\/?page_id=39"},"modified":"2023-11-12T12:27:39","modified_gmt":"2023-11-12T12:27:39","slug":"ausstattung","status":"publish","type":"page","link":"https:\/\/minfoss-lev.de\/?page_id=39","title":{"rendered":"Ausstattung"},"content":{"rendered":"\n    \n    <section class=\"u-clearfix u-grey-10 u-section-2\" id=\"sec-1e37\">\n      <div class=\"u-clearfix u-sheet u-valign-middle-xs u-sheet-1\">\n        <div class=\"data-layout-selected u-clearfix u-expanded-width u-layout-wrap u-white u-layout-wrap-1\">\n          <div class=\"u-layout\">\n            <div class=\"u-layout-row\">\n              <div class=\"u-size-30 u-size-60-md\">\n                <div class=\"u-layout-col\">\n                  <div class=\"u-container-style u-layout-cell u-size-60 u-layout-cell-1\">\n                    <div class=\"u-container-layout u-container-layout-1\">\n                      <h3 class=\"u-custom-font u-font-arial u-text u-text-default u-text-1\">Ausstattung<\/h3>\n                      <h5 class=\"u-text u-text-default u-text-2\"> Die Mineralien- und Fossilienfreunde Leverkusen verf\u00fcgen \u00fcber eine umfangreiche Ausstattung, die alle g\u00e4ngigen Pr\u00e4parierarbeiten erlauben. Zus\u00e4tzlich stehen Mikroskope f\u00fcr Micromounts und Mikrofossilien zur Verf\u00fcgung.Die Ausstattung umfasst unter anderem: Steinbrecher, mehrere Pr\u00e4parierstichel und Kompressoren, UV-Lampe sowie Ultraschallbad und Sandstrahlgebl\u00e4se.<\/h5>\n                    <\/div>\n                  <\/div>\n                <\/div>\n              <\/div>\n              <div class=\"u-size-30 u-size-60-md\">\n                <div class=\"u-layout-col\">\n                  <div class=\"u-size-30\">\n                    <div class=\"u-layout-row\">\n                      <div class=\"u-container-style u-layout-cell u-size-60 u-layout-cell-2\">\n                        <div class=\"u-container-layout u-container-layout-2\"><\/div>\n                      <\/div>\n                    <\/div>\n                  <\/div>\n                  <div class=\"u-size-30\">\n                    <div class=\"u-layout-row\">\n                      <div class=\"u-container-style u-layout-cell u-size-30 u-layout-cell-3\">\n                        <div class=\"u-container-layout u-container-layout-3\"><\/div>\n                      <\/div>\n                      <div class=\"u-container-style u-layout-cell u-size-30 u-layout-cell-4\">\n                        <div class=\"u-container-layout u-container-layout-4\"><\/div>\n                      <\/div>\n                    <\/div>\n                  <\/div>\n                <\/div>\n              <\/div>\n            <\/div>\n          <\/div>\n        <\/div>\n      <\/div>\n    <\/section>\n    \n    \n    \n    \n  \n","protected":false},"excerpt":{"rendered":"<p>Ausstattung Die Mineralien- und Fossilienfreunde Leverkusen verf\u00fcgen \u00fcber eine umfangreiche Ausstattung, die alle g\u00e4ngigen Pr\u00e4parierarbeiten erlauben. Zus\u00e4tzlich stehen Mikroskope f\u00fcr Micromounts und Mikrofossilien zur Verf\u00fcgung.Die Ausstattung umfasst unter anderem: Steinbrecher, mehrere Pr\u00e4parierstichel und Kompressoren, UV-Lampe sowie Ultraschallbad und Sandstrahlgebl\u00e4se.<\/p>\n","protected":false},"author":1,"featured_media":0,"parent":0,"menu_order":10,"comment_status":"closed","ping_status":"closed","template":"","meta":{"footnotes":""},"class_list":["post-39","page","type-page","status-publish","hentry"],"_links":{"self":[{"href":"https:\/\/minfoss-lev.de\/index.php?rest_route=\/wp\/v2\/pages\/39","targetHints":{"allow":["GET"]}}],"collection":[{"href":"https:\/\/minfoss-lev.de\/index.php?rest_route=\/wp\/v2\/pages"}],"about":[{"href":"https:\/\/minfoss-lev.de\/index.php?rest_route=\/wp\/v2\/types\/page"}],"author":[{"embeddable":true,"href":"https:\/\/minfoss-lev.de\/index.php?rest_route=\/wp\/v2\/users\/1"}],"replies":[{"embeddable":true,"href":"https:\/\/minfoss-lev.de\/index.php?rest_route=%2Fwp%2Fv2%2Fcomments&post=39"}],"version-history":[{"count":3,"href":"https:\/\/minfoss-lev.de\/index.php?rest_route=\/wp\/v2\/pages\/39\/revisions"}],"predecessor-version":[{"id":218,"href":"https:\/\/minfoss-lev.de\/index.php?rest_route=\/wp\/v2\/pages\/39\/revisions\/218"}],"wp:attachment":[{"href":"https:\/\/minfoss-lev.de\/index.php?rest_route=%2Fwp%2Fv2%2Fmedia&parent=39"}],"curies":[{"name":"wp","href":"https:\/\/api.w.org\/{rel}","templated":true}]}}