{"id":34,"date":"2022-08-03T14:27:31","date_gmt":"2022-08-03T14:27:31","guid":{"rendered":"https:\/\/minfoss-lev.de\/?page_id=34"},"modified":"2025-11-05T14:50:02","modified_gmt":"2025-11-05T14:50:02","slug":"mitgliedschaft","status":"publish","type":"page","link":"https:\/\/minfoss-lev.de\/?page_id=34","title":{"rendered":"Mitgliedschaft"},"content":{"rendered":"\n    \n    <section class=\"u-clearfix u-grey-10 u-section-2\" id=\"sec-b9a0\">\n      <div class=\"u-align-left u-clearfix u-sheet u-sheet-1\">\n        <div class=\"u-container-style u-expanded-width u-group u-white u-group-1\">\n          <div class=\"u-container-layout u-container-layout-1\">\n            <h3 class=\"u-custom-font u-font-arial u-text u-text-1\">Mitgliedschaft<\/h3>\n            <h5 class=\"u-text u-text-2\"> Die Mitgliedschaft in unserem Verein hat f\u00fcr den Hobbysammler viele Vorteile!<br>\n              <br>Aufgrund unserer langj\u00e4hrigen, guten Kontakte zu Steinbruchbesitzern und -betreibern&nbsp;in ganz Deutschland ist es f\u00fcr uns als Verein&nbsp;im Gegensatz zu Privatpersonen&nbsp;erheblich einfacher&nbsp;Sammelgenehmigungen zu erhalten.<br>\n              <br>Die vielf\u00e4ltige Expertise der langj\u00e4hrigen Mitglieder ist ausgesprochen hilfreich bei schwierigen Bestimmungen und Pr\u00e4parationsarbeiten. Vereinsmitglieder haben vollst\u00e4ndigen Zugriff auf die umfangreiche Ger\u00e4teausstattung.&nbsp;Die regelm\u00e4\u00dfigen, teilweise auf akademischem Niveau gehaltenen Vortr\u00e4ge geben aktuelle und neue Einblicke in die Wissenschaft der Mineralien und Fossilien. Ein weiterer wichtiger Aspekt ist das gemeinsame Vereinsleben mit mehrt\u00e4gigen Exkursionen aber auch den regelm\u00e4\u00dfig stattfindenden Sommer- und Weihnachtsfesten.&nbsp;<br>\n              <br>Die Jahresbeitr\u00e4ge f\u00fcr den Verein der \"Mineralien- und Fossilienfreunde Bayer Leverkusen e.V.\" betragen:<br>\n              <br><span class=\"u-icon\"><svg class=\"u-svg-content\" viewBox=\"0 0 41.999 41.999\" x=\"0px\" y=\"0px\" style=\"width: 1em; height: 1em;\"><path d=\"M36.068,20.176l-29-20C6.761-0.035,6.363-0.057,6.035,0.114C5.706,0.287,5.5,0.627,5.5,0.999v40\n\tc0,0.372,0.206,0.713,0.535,0.886c0.146,0.076,0.306,0.114,0.465,0.114c0.199,0,0.397-0.06,0.568-0.177l29-20\n\tc0.271-0.187,0.432-0.494,0.432-0.823S36.338,20.363,36.068,20.176z\"><\/path><\/svg><\/span>&nbsp;Jugendliche und Studenten: 25 \u20ac<br><span class=\"u-icon\"><svg class=\"u-svg-content\" viewBox=\"0 0 41.999 41.999\" x=\"0px\" y=\"0px\" style=\"width: 1em; height: 1em;\"><path d=\"M36.068,20.176l-29-20C6.761-0.035,6.363-0.057,6.035,0.114C5.706,0.287,5.5,0.627,5.5,0.999v40\n\tc0,0.372,0.206,0.713,0.535,0.886c0.146,0.076,0.306,0.114,0.465,0.114c0.199,0,0.397-0.06,0.568-0.177l29-20\n\tc0.271-0.187,0.432-0.494,0.432-0.823S36.338,20.363,36.068,20.176z\"><\/path><\/svg><\/span>&nbsp;Einzelmitgliedschaft: 60 \u20ac<br><span class=\"u-icon\"><svg class=\"u-svg-content\" viewBox=\"0 0 41.999 41.999\" x=\"0px\" y=\"0px\" style=\"width: 1em; height: 1em;\"><path d=\"M36.068,20.176l-29-20C6.761-0.035,6.363-0.057,6.035,0.114C5.706,0.287,5.5,0.627,5.5,0.999v40\n\tc0,0.372,0.206,0.713,0.535,0.886c0.146,0.076,0.306,0.114,0.465,0.114c0.199,0,0.397-0.06,0.568-0.177l29-20\n\tc0.271-0.187,0.432-0.494,0.432-0.823S36.338,20.363,36.068,20.176z\"><\/path><\/svg><\/span>&nbsp;Familienmitgliedschaft: 80 \u20ac<br>\n              <br>Die Vereinsmitgliedschaft beinhaltet zus\u00e4tzlich eine Unfallversicherung.<br>\n              <br>Unseren&nbsp;aktuellen Aufnahmeantrag finden sie hier:&nbsp; \n            <\/h5>\n            <img decoding=\"async\" class=\"u-file-link u-image u-image-default u-preserve-proportions u-image-1\" src=\"https:\/\/minfoss-lev.de\/wp-content\/uploads\/2022\/08\/pdf-icon.png\" alt=\"\" data-image-width=\"512\" data-image-height=\"508\" data-href=\"https:\/\/minfoss-lev.de\/wp-content\/uploads\/2025\/11\/Aufnahmeantragv3.pdf\" data-target=\"_blank\">\n          <\/div>\n        <\/div>\n      <\/div>\n    <\/section>\n    \n    \n    \n    \n  \n","protected":false},"excerpt":{"rendered":"<p>Mitgliedschaft Die Mitgliedschaft in unserem Verein hat f\u00fcr den Hobbysammler viele Vorteile! Aufgrund unserer langj\u00e4hrigen, guten Kontakte zu Steinbruchbesitzern und -betreibern&nbsp;in ganz Deutschland ist es f\u00fcr uns als Verein&nbsp;im Gegensatz zu Privatpersonen&nbsp;erheblich einfacher&nbsp;Sammelgenehmigungen zu erhalten. Die vielf\u00e4ltige Expertise der langj\u00e4hrigen Mitglieder ist ausgesprochen hilfreich bei schwierigen Bestimmungen und Pr\u00e4parationsarbeiten. Vereinsmitglieder haben vollst\u00e4ndigen Zugriff auf die &hellip; <a href=\"https:\/\/minfoss-lev.de\/?page_id=34\" class=\"more-link\">Continue reading<span class=\"screen-reader-text\"> &#8222;Mitgliedschaft&#8220;<\/span><\/a><\/p>\n","protected":false},"author":1,"featured_media":0,"parent":0,"menu_order":5,"comment_status":"closed","ping_status":"closed","template":"","meta":{"footnotes":""},"class_list":["post-34","page","type-page","status-publish","hentry"],"_links":{"self":[{"href":"https:\/\/minfoss-lev.de\/index.php?rest_route=\/wp\/v2\/pages\/34","targetHints":{"allow":["GET"]}}],"collection":[{"href":"https:\/\/minfoss-lev.de\/index.php?rest_route=\/wp\/v2\/pages"}],"about":[{"href":"https:\/\/minfoss-lev.de\/index.php?rest_route=\/wp\/v2\/types\/page"}],"author":[{"embeddable":true,"href":"https:\/\/minfoss-lev.de\/index.php?rest_route=\/wp\/v2\/users\/1"}],"replies":[{"embeddable":true,"href":"https:\/\/minfoss-lev.de\/index.php?rest_route=%2Fwp%2Fv2%2Fcomments&post=34"}],"version-history":[{"count":2,"href":"https:\/\/minfoss-lev.de\/index.php?rest_route=\/wp\/v2\/pages\/34\/revisions"}],"predecessor-version":[{"id":272,"href":"https:\/\/minfoss-lev.de\/index.php?rest_route=\/wp\/v2\/pages\/34\/revisions\/272"}],"wp:attachment":[{"href":"https:\/\/minfoss-lev.de\/index.php?rest_route=%2Fwp%2Fv2%2Fmedia&parent=34"}],"curies":[{"name":"wp","href":"https:\/\/api.w.org\/{rel}","templated":true}]}}