{"id":31,"date":"2022-08-03T14:27:28","date_gmt":"2022-08-03T14:27:28","guid":{"rendered":"https:\/\/minfoss-lev.de\/?page_id=31"},"modified":"2023-01-27T09:59:09","modified_gmt":"2023-01-27T09:59:09","slug":"wir-ueber-uns","status":"publish","type":"page","link":"https:\/\/minfoss-lev.de\/?page_id=31","title":{"rendered":"Wir \u00fcber uns"},"content":{"rendered":"\n    \n    <section class=\"u-clearfix u-grey-10 u-section-2\" id=\"sec-b9a0\">\n      <div class=\"u-align-left u-clearfix u-sheet u-sheet-1\">\n        <div class=\"u-clearfix u-layout-wrap u-layout-wrap-1\">\n          <div class=\"u-layout\">\n            <div class=\"u-layout-col\">\n              <div class=\"u-container-style u-layout-cell u-size-30 u-white u-layout-cell-1\">\n                <div class=\"u-container-layout u-container-layout-1\">\n                  <h3 class=\"u-align-left u-custom-font u-font-arial u-text u-text-default u-text-1\"> Wir \u00fcber uns<\/h3>\n                <\/div>\n              <\/div>\n              <div class=\"u-container-style u-layout-cell u-size-30 u-white u-layout-cell-2\">\n                <div class=\"u-container-layout u-container-layout-2\">\n                  <h5 class=\"u-align-left u-text u-text-2\"> Unser Sammlerverein wurde&nbsp;1978&nbsp;gegr\u00fcndet und konnte demnach im Jahre 2018bereits sein&nbsp;40-j\u00e4hriges Bestehen&nbsp;feiern.<br>\n                    <br>Er besteht - wie der Name sagt - aus&nbsp;zwei Einheiten,&nbsp;der&nbsp;Mineraliensammler-Gruppe&nbsp;und der&nbsp;Fossiliensammler-Gruppe. Zus\u00e4tzlich&nbsp;gibt es&nbsp;eine&nbsp;Arbeitsgemeinschaft Micromounter, die sich&nbsp;vornehmlich mit den Mineralien von Eifel&nbsp;oder&nbsp;Schwarzwald&nbsp;besch\u00e4ftigt.<br>\n                    <br>Wir sind ein eingetragener Verein (e. V.) mit fester&nbsp;Vereinssatzung, und unser Verein ist als gemeinn\u00fctzig anerkannt.&nbsp;Zurzeit&nbsp;z\u00e4hlt der Verein knapp einhundert&nbsp;Mitglieder und ist somit einer der gr\u00f6\u00dften deutschen Hobbyvereine im Bereich der Mineralogie,&nbsp;Geologie und Pal\u00e4ontologie. Unser Verein ist Mitglied in der VFMG sowie in&nbsp;der Pal\u00e4ontologischen Gesellschaft. Er&nbsp;wird durch die Bayer AG in&nbsp;Leverkusen intensiv gef\u00f6rdert und unterst\u00fctzt.&nbsp;<br>\n                    <br>Als wichtigste Vereinsaktivit\u00e4ten sind zu nennen:<br><span class=\"u-icon\"><svg class=\"u-svg-content\" viewBox=\"0 0 41.999 41.999\" x=\"0px\" y=\"0px\" style=\"width: 1em; height: 1em;\"><path d=\"M36.068,20.176l-29-20C6.761-0.035,6.363-0.057,6.035,0.114C5.706,0.287,5.5,0.627,5.5,0.999v40\n\tc0,0.372,0.206,0.713,0.535,0.886c0.146,0.076,0.306,0.114,0.465,0.114c0.199,0,0.397-0.06,0.568-0.177l29-20\n\tc0.271-0.187,0.432-0.494,0.432-0.823S36.338,20.363,36.068,20.176z\"><\/path><\/svg><img><\/span>&nbsp;gemeinsame Sammelexkursionen im In- und Ausland<br><span class=\"u-icon\"><svg class=\"u-svg-content\" viewBox=\"0 0 41.999 41.999\" x=\"0px\" y=\"0px\" style=\"width: 1em; height: 1em;\"><path d=\"M36.068,20.176l-29-20C6.761-0.035,6.363-0.057,6.035,0.114C5.706,0.287,5.5,0.627,5.5,0.999v40\n\tc0,0.372,0.206,0.713,0.535,0.886c0.146,0.076,0.306,0.114,0.465,0.114c0.199,0,0.397-0.06,0.568-0.177l29-20\n\tc0.271-0.187,0.432-0.494,0.432-0.823S36.338,20.363,36.068,20.176z\"><\/path><\/svg><img><\/span>&nbsp;Vortragsabende mit externen und eigenen Referenten<br><span class=\"u-icon\"><svg class=\"u-svg-content\" viewBox=\"0 0 41.999 41.999\" x=\"0px\" y=\"0px\" style=\"width: 1em; height: 1em;\"><path d=\"M36.068,20.176l-29-20C6.761-0.035,6.363-0.057,6.035,0.114C5.706,0.287,5.5,0.627,5.5,0.999v40\n\tc0,0.372,0.206,0.713,0.535,0.886c0.146,0.076,0.306,0.114,0.465,0.114c0.199,0,0.397-0.06,0.568-0.177l29-20\n\tc0.271-0.187,0.432-0.494,0.432-0.823S36.338,20.363,36.068,20.176z\"><\/path><\/svg><img><\/span>&nbsp;Mineralien- und Fossilien-Bestimmungsabende<br><span class=\"u-icon\"><svg class=\"u-svg-content\" viewBox=\"0 0 41.999 41.999\" x=\"0px\" y=\"0px\" style=\"width: 1em; height: 1em;\"><path d=\"M36.068,20.176l-29-20C6.761-0.035,6.363-0.057,6.035,0.114C5.706,0.287,5.5,0.627,5.5,0.999v40\n\tc0,0.372,0.206,0.713,0.535,0.886c0.146,0.076,0.306,0.114,0.465,0.114c0.199,0,0.397-0.06,0.568-0.177l29-20\n\tc0.271-0.187,0.432-0.494,0.432-0.823S36.338,20.363,36.068,20.176z\"><\/path><\/svg><img><\/span>&nbsp;Pr\u00e4parationsnachmittage<br><span class=\"u-icon\"><svg class=\"u-svg-content\" viewBox=\"0 0 41.999 41.999\" x=\"0px\" y=\"0px\" style=\"width: 1em; height: 1em;\"><path d=\"M36.068,20.176l-29-20C6.761-0.035,6.363-0.057,6.035,0.114C5.706,0.287,5.5,0.627,5.5,0.999v40\n\tc0,0.372,0.206,0.713,0.535,0.886c0.146,0.076,0.306,0.114,0.465,0.114c0.199,0,0.397-0.06,0.568-0.177l29-20\n\tc0.271-0.187,0.432-0.494,0.432-0.823S36.338,20.363,36.068,20.176z\"><\/path><\/svg><img><\/span>&nbsp;Tauschtage<br><span class=\"u-icon\"><svg class=\"u-svg-content\" viewBox=\"0 0 41.999 41.999\" x=\"0px\" y=\"0px\" style=\"width: 1em; height: 1em;\"><path d=\"M36.068,20.176l-29-20C6.761-0.035,6.363-0.057,6.035,0.114C5.706,0.287,5.5,0.627,5.5,0.999v40\n\tc0,0.372,0.206,0.713,0.535,0.886c0.146,0.076,0.306,0.114,0.465,0.114c0.199,0,0.397-0.06,0.568-0.177l29-20\n\tc0.271-0.187,0.432-0.494,0.432-0.823S36.338,20.363,36.068,20.176z\"><\/path><\/svg><img><\/span>&nbsp;gemeinsamer Besuch von Sammlerb\u00f6rsen, Ausstellungen&nbsp;oder Museen<br><span class=\"u-icon\"><svg class=\"u-svg-content\" viewBox=\"0 0 41.999 41.999\" x=\"0px\" y=\"0px\" style=\"width: 1em; height: 1em;\"><path d=\"M36.068,20.176l-29-20C6.761-0.035,6.363-0.057,6.035,0.114C5.706,0.287,5.5,0.627,5.5,0.999v40\n\tc0,0.372,0.206,0.713,0.535,0.886c0.146,0.076,0.306,0.114,0.465,0.114c0.199,0,0.397-0.06,0.568-0.177l29-20\n\tc0.271-0.187,0.432-0.494,0.432-0.823S36.338,20.363,36.068,20.176z\"><\/path><\/svg><img><\/span>&nbsp;\u00d6ffentlichkeitsarbeit&nbsp;<br>\n                    <br>Das Vereinsleben wird zudem bereichert durch&nbsp;die von beiden&nbsp;Gruppen gemeinsam gestalteten Sommerfeste und Jahresabschlussfeiern.&nbsp;<br>\n                    <br>Hauptinteresse unserer Mitglieder&nbsp;sind&nbsp;das Sammeln von Mineralien und Fossilien sowie der Aufbau und die Pflege entsprechender&nbsp;privater Sammlungen.&nbsp;Einige unserer Mitglieder sind aber auch nebenbei&nbsp;wissenschaftlich aktiv, das hei\u00dft, sie pflegen enge Kontakte zu&nbsp;Hochschulen,&nbsp;Instituten&nbsp;oder \u00f6ffentlichen Institutionen und sind&nbsp;als Autoren oder Koautoren&nbsp;f\u00fcr Sammler- und Fachzeitschriften t\u00e4tig. Die Vereinsr\u00e4ume befinden sich im Alten Bahnhof Bayerwerk,&nbsp;Leverkusen-Wiesdorf, Rudolf-Mann-Platz 5. \n                  <\/h5>\n                <\/div>\n              <\/div>\n            <\/div>\n          <\/div>\n        <\/div>\n      <\/div>\n    <\/section>\n    \n    \n    \n  \n","protected":false},"excerpt":{"rendered":"<p>Wir \u00fcber uns Unser Sammlerverein wurde&nbsp;1978&nbsp;gegr\u00fcndet und konnte demnach im Jahre 2018bereits sein&nbsp;40-j\u00e4hriges Bestehen&nbsp;feiern. Er besteht &#8211; wie der Name sagt &#8211; aus&nbsp;zwei Einheiten,&nbsp;der&nbsp;Mineraliensammler-Gruppe&nbsp;und der&nbsp;Fossiliensammler-Gruppe. Zus\u00e4tzlich&nbsp;gibt es&nbsp;eine&nbsp;Arbeitsgemeinschaft Micromounter, die sich&nbsp;vornehmlich mit den Mineralien von Eifel&nbsp;oder&nbsp;Schwarzwald&nbsp;besch\u00e4ftigt. Wir sind ein eingetragener Verein (e. V.) mit fester&nbsp;Vereinssatzung, und unser Verein ist als gemeinn\u00fctzig anerkannt.&nbsp;Zurzeit&nbsp;z\u00e4hlt der Verein knapp einhundert&nbsp;Mitglieder &hellip; <a href=\"https:\/\/minfoss-lev.de\/?page_id=31\" class=\"more-link\">Continue reading<span class=\"screen-reader-text\"> &#8222;Wir \u00fcber uns&#8220;<\/span><\/a><\/p>\n","protected":false},"author":1,"featured_media":0,"parent":0,"menu_order":2,"comment_status":"closed","ping_status":"closed","template":"","meta":{"footnotes":""},"class_list":["post-31","page","type-page","status-publish","hentry"],"_links":{"self":[{"href":"https:\/\/minfoss-lev.de\/index.php?rest_route=\/wp\/v2\/pages\/31","targetHints":{"allow":["GET"]}}],"collection":[{"href":"https:\/\/minfoss-lev.de\/index.php?rest_route=\/wp\/v2\/pages"}],"about":[{"href":"https:\/\/minfoss-lev.de\/index.php?rest_route=\/wp\/v2\/types\/page"}],"author":[{"embeddable":true,"href":"https:\/\/minfoss-lev.de\/index.php?rest_route=\/wp\/v2\/users\/1"}],"replies":[{"embeddable":true,"href":"https:\/\/minfoss-lev.de\/index.php?rest_route=%2Fwp%2Fv2%2Fcomments&post=31"}],"version-history":[{"count":3,"href":"https:\/\/minfoss-lev.de\/index.php?rest_route=\/wp\/v2\/pages\/31\/revisions"}],"predecessor-version":[{"id":192,"href":"https:\/\/minfoss-lev.de\/index.php?rest_route=\/wp\/v2\/pages\/31\/revisions\/192"}],"wp:attachment":[{"href":"https:\/\/minfoss-lev.de\/index.php?rest_route=%2Fwp%2Fv2%2Fmedia&parent=31"}],"curies":[{"name":"wp","href":"https:\/\/api.w.org\/{rel}","templated":true}]}}